{"id":127,"date":"2021-11-20T01:49:29","date_gmt":"2021-11-20T01:49:29","guid":{"rendered":"http:\/\/systemed-services.fr\/?page_id=127"},"modified":"2024-11-05T13:53:59","modified_gmt":"2024-11-05T13:53:59","slug":"tarifs","status":"publish","type":"page","link":"https:\/\/systemed-services.fr\/index.php\/tarifs\/","title":{"rendered":"Tarifs"},"content":{"rendered":"\t\t<div data-elementor-type=\"wp-page\" data-elementor-id=\"127\" class=\"elementor elementor-127\" data-elementor-settings=\"[]\">\n\t\t\t\t\t\t\t<div class=\"elementor-section-wrap\">\n\t\t\t\t\t\t\t<section class=\"elementor-section elementor-top-section elementor-element elementor-element-227f82f7 elementor-section-full_width elementor-section-stretched elementor-section-height-default elementor-section-height-default\" data-id=\"227f82f7\" data-element_type=\"section\" data-settings=\"{&quot;stretch_section&quot;:&quot;section-stretched&quot;}\">\n\t\t\t\t\t\t<div class=\"elementor-container elementor-column-gap-default\">\n\t\t\t\t\t<div class=\"elementor-column elementor-col-100 elementor-top-column elementor-element elementor-element-200309e8\" data-id=\"200309e8\" data-element_type=\"column\">\n\t\t\t<div class=\"elementor-widget-wrap elementor-element-populated\">\n\t\t\t\t\t\t\t\t<section class=\"elementor-section elementor-inner-section elementor-element elementor-element-5ab7b1ed elementor-section-full_width elementor-section-height-min-height elementor-section-height-default\" data-id=\"5ab7b1ed\" data-element_type=\"section\">\n\t\t\t\t\t\t<div class=\"elementor-container elementor-column-gap-default\">\n\t\t\t\t\t<div class=\"elementor-column elementor-col-50 elementor-inner-column elementor-element elementor-element-54e25c19 elementor-invisible\" data-id=\"54e25c19\" data-element_type=\"column\" data-settings=\"{&quot;background_background&quot;:&quot;classic&quot;,&quot;animation&quot;:&quot;fadeInLeft&quot;,&quot;animation_delay&quot;:250}\">\n\t\t\t<div class=\"elementor-widget-wrap elementor-element-populated\">\n\t\t\t\t\t\t\t\t<div class=\"elementor-element elementor-element-326e6a7f elementor-invisible elementor-widget elementor-widget-image\" data-id=\"326e6a7f\" data-element_type=\"widget\" data-settings=\"{&quot;_animation&quot;:&quot;fadeInLeft&quot;,&quot;_animation_delay&quot;:500}\" data-widget_type=\"image.default\">\n\t\t\t\t<div class=\"elementor-widget-container\">\n\t\t\t\t\t\t\t\t\t\t\t\t\t\t\t<img width=\"1200\" height=\"786\" src=\"https:\/\/systemed-services.fr\/wp-content\/uploads\/2021\/11\/Sys12.png\" class=\"attachment-2048x2048 size-2048x2048\" alt=\"\" loading=\"lazy\" srcset=\"https:\/\/systemed-services.fr\/wp-content\/uploads\/2021\/11\/Sys12.png 1200w, https:\/\/systemed-services.fr\/wp-content\/uploads\/2021\/11\/Sys12-300x197.png 300w, https:\/\/systemed-services.fr\/wp-content\/uploads\/2021\/11\/Sys12-1024x671.png 1024w, https:\/\/systemed-services.fr\/wp-content\/uploads\/2021\/11\/Sys12-768x503.png 768w\" sizes=\"(max-width: 1200px) 100vw, 1200px\" \/>\t\t\t\t\t\t\t\t\t\t\t\t\t\t\t<\/div>\n\t\t\t\t<\/div>\n\t\t\t\t<div class=\"elementor-element elementor-element-16f07f5 elementor-widget elementor-widget-text-editor\" data-id=\"16f07f5\" data-element_type=\"widget\" data-widget_type=\"text-editor.default\">\n\t\t\t\t<div class=\"elementor-widget-container\">\n\t\t\t\t\t\t\t<p><strong><em>Yann Debernard<br \/>Artisan multitechnique<\/em><\/strong><br \/><strong><em>D\u00e9pannage, r\u00e9paration, installation<\/em><\/strong><\/p>\t\t\t\t\t\t<\/div>\n\t\t\t\t<\/div>\n\t\t\t\t<div class=\"elementor-element elementor-element-67944e75 elementor-widget elementor-widget-spacer\" data-id=\"67944e75\" data-element_type=\"widget\" data-widget_type=\"spacer.default\">\n\t\t\t\t<div class=\"elementor-widget-container\">\n\t\t\t\t\t<div class=\"elementor-spacer\">\n\t\t\t<div class=\"elementor-spacer-inner\"><\/div>\n\t\t<\/div>\n\t\t\t\t<\/div>\n\t\t\t\t<\/div>\n\t\t\t\t<div class=\"elementor-element elementor-element-66030e90 elementor-align-center elementor-widget elementor-widget-button\" data-id=\"66030e90\" data-element_type=\"widget\" data-widget_type=\"button.default\">\n\t\t\t\t<div class=\"elementor-widget-container\">\n\t\t\t\t\t<div class=\"elementor-button-wrapper\">\n\t\t\t<a href=\"https:\/\/systemed-services.fr\/\" class=\"elementor-button-link elementor-button elementor-size-sm\" role=\"button\">\n\t\t\t\t\t\t<span class=\"elementor-button-content-wrapper\">\n\t\t\t\t\t\t<span class=\"elementor-button-text\">Accueil<\/span>\n\t\t<\/span>\n\t\t\t\t\t<\/a>\n\t\t<\/div>\n\t\t\t\t<\/div>\n\t\t\t\t<\/div>\n\t\t\t\t<div class=\"elementor-element elementor-element-1f2dc3d2 elementor-align-center elementor-widget elementor-widget-button\" data-id=\"1f2dc3d2\" data-element_type=\"widget\" data-widget_type=\"button.default\">\n\t\t\t\t<div class=\"elementor-widget-container\">\n\t\t\t\t\t<div class=\"elementor-button-wrapper\">\n\t\t\t<a href=\"https:\/\/systemed-services.fr\/index.php\/services-2\/\" class=\"elementor-button-link elementor-button elementor-size-sm\" role=\"button\">\n\t\t\t\t\t\t<span class=\"elementor-button-content-wrapper\">\n\t\t\t\t\t\t<span class=\"elementor-button-text\">Services<\/span>\n\t\t<\/span>\n\t\t\t\t\t<\/a>\n\t\t<\/div>\n\t\t\t\t<\/div>\n\t\t\t\t<\/div>\n\t\t\t\t<div class=\"elementor-element elementor-element-46be6449 elementor-align-center elementor-widget elementor-widget-button\" data-id=\"46be6449\" data-element_type=\"widget\" data-widget_type=\"button.default\">\n\t\t\t\t<div class=\"elementor-widget-container\">\n\t\t\t\t\t<div class=\"elementor-button-wrapper\">\n\t\t\t<a href=\"https:\/\/systemed-services.fr\/index.php\/a-propos\/\" class=\"elementor-button-link elementor-button elementor-size-sm\" role=\"button\">\n\t\t\t\t\t\t<span class=\"elementor-button-content-wrapper\">\n\t\t\t\t\t\t<span class=\"elementor-button-text\">A propos<\/span>\n\t\t<\/span>\n\t\t\t\t\t<\/a>\n\t\t<\/div>\n\t\t\t\t<\/div>\n\t\t\t\t<\/div>\n\t\t\t\t<div class=\"elementor-element elementor-element-7b3cf1d9 elementor-align-center elementor-widget elementor-widget-button\" data-id=\"7b3cf1d9\" data-element_type=\"widget\" data-widget_type=\"button.default\">\n\t\t\t\t<div class=\"elementor-widget-container\">\n\t\t\t\t\t<div class=\"elementor-button-wrapper\">\n\t\t\t<a href=\"https:\/\/systemed-services.fr\/index.php\/tarifs\/\" class=\"elementor-button-link elementor-button elementor-size-sm\" role=\"button\">\n\t\t\t\t\t\t<span class=\"elementor-button-content-wrapper\">\n\t\t\t\t\t\t<span class=\"elementor-button-text\">Tarifs<\/span>\n\t\t<\/span>\n\t\t\t\t\t<\/a>\n\t\t<\/div>\n\t\t\t\t<\/div>\n\t\t\t\t<\/div>\n\t\t\t\t<div class=\"elementor-element elementor-element-3597b3a4 elementor-align-center elementor-widget elementor-widget-button\" data-id=\"3597b3a4\" data-element_type=\"widget\" data-widget_type=\"button.default\">\n\t\t\t\t<div class=\"elementor-widget-container\">\n\t\t\t\t\t<div class=\"elementor-button-wrapper\">\n\t\t\t<a href=\"https:\/\/systemed-services.fr\/index.php\/contact\/\" class=\"elementor-button-link elementor-button elementor-size-sm\" role=\"button\">\n\t\t\t\t\t\t<span class=\"elementor-button-content-wrapper\">\n\t\t\t\t\t\t<span class=\"elementor-button-text\">Contact<\/span>\n\t\t<\/span>\n\t\t\t\t\t<\/a>\n\t\t<\/div>\n\t\t\t\t<\/div>\n\t\t\t\t<\/div>\n\t\t\t\t<div class=\"elementor-element elementor-element-5b8c965 elementor-widget elementor-widget-spacer\" data-id=\"5b8c965\" data-element_type=\"widget\" data-widget_type=\"spacer.default\">\n\t\t\t\t<div class=\"elementor-widget-container\">\n\t\t\t\t\t<div class=\"elementor-spacer\">\n\t\t\t<div class=\"elementor-spacer-inner\"><\/div>\n\t\t<\/div>\n\t\t\t\t<\/div>\n\t\t\t\t<\/div>\n\t\t\t\t<div class=\"elementor-element elementor-element-17b90a5f elementor-widget elementor-widget-spacer\" data-id=\"17b90a5f\" data-element_type=\"widget\" data-widget_type=\"spacer.default\">\n\t\t\t\t<div class=\"elementor-widget-container\">\n\t\t\t\t\t<div class=\"elementor-spacer\">\n\t\t\t<div class=\"elementor-spacer-inner\"><\/div>\n\t\t<\/div>\n\t\t\t\t<\/div>\n\t\t\t\t<\/div>\n\t\t\t\t<div class=\"elementor-element elementor-element-336fd8b7 elementor-widget elementor-widget-heading\" data-id=\"336fd8b7\" data-element_type=\"widget\" data-widget_type=\"heading.default\">\n\t\t\t\t<div class=\"elementor-widget-container\">\n\t\t\t<h2 class=\"elementor-heading-title elementor-size-large\">\"Retournons aux vraies valeurs\"<\/h2>\t\t<\/div>\n\t\t\t\t<\/div>\n\t\t\t\t\t<\/div>\n\t\t<\/div>\n\t\t\t\t<div class=\"elementor-column elementor-col-50 elementor-inner-column elementor-element elementor-element-554f026 animated-slow\" data-id=\"554f026\" data-element_type=\"column\" data-settings=\"{&quot;animation&quot;:&quot;none&quot;,&quot;animation_delay&quot;:1500}\">\n\t\t\t<div class=\"elementor-widget-wrap elementor-element-populated\">\n\t\t\t\t\t\t\t\t<div class=\"elementor-element elementor-element-7787893b elementor-invisible elementor-widget elementor-widget-heading\" data-id=\"7787893b\" data-element_type=\"widget\" data-settings=\"{&quot;_animation&quot;:&quot;fadeInDown&quot;}\" data-widget_type=\"heading.default\">\n\t\t\t\t<div class=\"elementor-widget-container\">\n\t\t\t<h1 class=\"elementor-heading-title elementor-size-xxl\">Tarifs<\/h1>\t\t<\/div>\n\t\t\t\t<\/div>\n\t\t\t\t<div class=\"elementor-element elementor-element-f7c9358 elementor-widget elementor-widget-spacer\" data-id=\"f7c9358\" data-element_type=\"widget\" data-widget_type=\"spacer.default\">\n\t\t\t\t<div class=\"elementor-widget-container\">\n\t\t\t\t\t<div class=\"elementor-spacer\">\n\t\t\t<div class=\"elementor-spacer-inner\"><\/div>\n\t\t<\/div>\n\t\t\t\t<\/div>\n\t\t\t\t<\/div>\n\t\t\t\t<div class=\"elementor-element elementor-element-dcbf1e6 elementor-invisible elementor-widget elementor-widget-text-editor\" data-id=\"dcbf1e6\" data-element_type=\"widget\" data-settings=\"{&quot;_animation&quot;:&quot;zoomIn&quot;,&quot;_animation_delay&quot;:1000}\" data-widget_type=\"text-editor.default\">\n\t\t\t\t<div class=\"elementor-widget-container\">\n\t\t\t\t\t\t\t<p>Tarif horaire: <br \/>\u00a0&#8211; Services courants &#8211; factotum = 30 euros<br \/>\u00a0&#8211; Services techniques = 35 euros<br \/>\u00a0&#8211; Courant faible &amp; d\u00e9pannages d&rsquo;urgence (entre 19h et 8h et weekend\/jours feri\u00e9s) = 45 euros<\/p><p>Forfait d\u00e9placement: 30 euros horaire au prorata.<\/p><p>R\u00e8glement en esp\u00e8ces, ch\u00e8que, virement, CESU, CESU+ et Paypal.<\/p><p>&#8212;&#8212;&#8212;&#8212;<\/p><p>Pour les fournitures de pi\u00e8ces, je mets l&rsquo;accent sur le meilleur rapport qualit\u00e9 prix, sauf demande expresse.<\/p><p>Les pi\u00e8ces seront pay\u00e9es par vos soins, au prix comptant, sur d\u00e9bours si besoin. Je ne fais pas de marge sur le mat\u00e9riel.<\/p><p>Pour votre s\u00e9r\u00e9nit\u00e9, les grosses interventions et les installations seront initi\u00e9es sous forme de devis.<\/p>\t\t\t\t\t\t<\/div>\n\t\t\t\t<\/div>\n\t\t\t\t\t<\/div>\n\t\t<\/div>\n\t\t\t\t\t\t\t<\/div>\n\t\t<\/section>\n\t\t\t\t<div class=\"elementor-element elementor-element-256d9331 elementor-widget-divider--view-line elementor-widget elementor-widget-divider\" data-id=\"256d9331\" data-element_type=\"widget\" data-widget_type=\"divider.default\">\n\t\t\t\t<div class=\"elementor-widget-container\">\n\t\t\t\t\t<div class=\"elementor-divider\">\n\t\t\t<span class=\"elementor-divider-separator\">\n\t\t\t\t\t\t<\/span>\n\t\t<\/div>\n\t\t\t\t<\/div>\n\t\t\t\t<\/div>\n\t\t\t\t\t<\/div>\n\t\t<\/div>\n\t\t\t\t\t\t\t<\/div>\n\t\t<\/section>\n\t\t\t\t<section class=\"elementor-section elementor-top-section elementor-element elementor-element-2b20cfe9 elementor-section-boxed elementor-section-height-default elementor-section-height-default\" data-id=\"2b20cfe9\" data-element_type=\"section\" data-settings=\"{&quot;background_background&quot;:&quot;classic&quot;}\">\n\t\t\t\t\t\t<div class=\"elementor-container elementor-column-gap-no\">\n\t\t\t\t\t<div class=\"elementor-column elementor-col-100 elementor-top-column elementor-element elementor-element-54c9435b\" data-id=\"54c9435b\" data-element_type=\"column\">\n\t\t\t<div class=\"elementor-widget-wrap elementor-element-populated\">\n\t\t\t\t\t\t\t\t<div class=\"elementor-element elementor-element-adb426 elementor-widget elementor-widget-heading\" data-id=\"adb426\" data-element_type=\"widget\" data-widget_type=\"heading.default\">\n\t\t\t\t<div class=\"elementor-widget-container\">\n\t\t\t<h2 class=\"elementor-heading-title elementor-size-small\">Site cr\u00e9e par Systeme D - SIRET 905 215 869 000 17 - images libres de droit<\/h2>\t\t<\/div>\n\t\t\t\t<\/div>\n\t\t\t\t\t<\/div>\n\t\t<\/div>\n\t\t\t\t\t\t\t<\/div>\n\t\t<\/section>\n\t\t\t\t\t\t<\/div>\n\t\t\t\t\t<\/div>\n\t\t","protected":false},"excerpt":{"rendered":"<p>Yann DebernardArtisan multitechniqueD\u00e9pannage, r\u00e9paration, installation Accueil Services A propos Tarifs Contact \u00ab\u00a0Retournons aux vraies valeurs\u00a0\u00bb Tarifs Tarif horaire: \u00a0&#8211; Services courants &#8211; factotum = 30 euros\u00a0&#8211; Services techniques = 35 euros\u00a0&#8211; Courant faible &amp; d\u00e9pannages d&rsquo;urgence (entre 19h et 8h et weekend\/jours feri\u00e9s) = 45 euros Forfait d\u00e9placement: 30 euros horaire au prorata. R\u00e8glement en [&hellip;]<\/p>\n","protected":false},"author":1,"featured_media":0,"parent":0,"menu_order":0,"comment_status":"closed","ping_status":"closed","template":"elementor_canvas","meta":[],"yoast_head":"<!-- This site is optimized with the Yoast SEO plugin v17.6 - https:\/\/yoast.com\/wordpress\/plugins\/seo\/ -->\n<meta name=\"description\" content=\"Services \u00e0 domicile - bricolage - d\u00e9pannage - jardinage - courant faible - \u00e9lectricit\u00e9 - plomberie - informatique - Gilhac et bruzac - Valence\" \/>\n<meta name=\"robots\" content=\"index, follow, max-snippet:-1, max-image-preview:large, max-video-preview:-1\" \/>\n<link rel=\"canonical\" href=\"https:\/\/systemed-services.fr\/index.php\/tarifs\/\" \/>\n<meta property=\"og:locale\" content=\"fr_FR\" \/>\n<meta property=\"og:type\" content=\"article\" \/>\n<meta property=\"og:title\" content=\"Tarifs - Systeme D\" \/>\n<meta property=\"og:description\" content=\"Services \u00e0 domicile - bricolage - d\u00e9pannage - jardinage - courant faible - \u00e9lectricit\u00e9 - plomberie - informatique - Gilhac et bruzac - Valence\" \/>\n<meta property=\"og:url\" content=\"https:\/\/systemed-services.fr\/index.php\/tarifs\/\" \/>\n<meta property=\"og:site_name\" content=\"Systeme D\" \/>\n<meta property=\"article:modified_time\" content=\"2024-11-05T13:53:59+00:00\" \/>\n<meta property=\"og:image\" content=\"https:\/\/systemed-services.fr\/wp-content\/uploads\/2021\/11\/Sys12.png\" \/>\n<meta name=\"twitter:card\" content=\"summary_large_image\" \/>\n<meta name=\"twitter:label1\" content=\"Dur\u00e9e de lecture estim\u00e9e\" \/>\n\t<meta name=\"twitter:data1\" content=\"1 minute\" \/>\n<script type=\"application\/ld+json\" class=\"yoast-schema-graph\">{\"@context\":\"https:\/\/schema.org\",\"@graph\":[{\"@type\":\"WebSite\",\"@id\":\"https:\/\/systemed-services.fr\/#website\",\"url\":\"https:\/\/systemed-services.fr\/\",\"name\":\"Systeme D\",\"description\":\"Bricolage Dr\\u00f4me Ard\\u00e8che\",\"potentialAction\":[{\"@type\":\"SearchAction\",\"target\":{\"@type\":\"EntryPoint\",\"urlTemplate\":\"https:\/\/systemed-services.fr\/?s={search_term_string}\"},\"query-input\":\"required name=search_term_string\"}],\"inLanguage\":\"fr-FR\"},{\"@type\":\"ImageObject\",\"@id\":\"https:\/\/systemed-services.fr\/index.php\/tarifs\/#primaryimage\",\"inLanguage\":\"fr-FR\",\"url\":\"https:\/\/systemed-services.fr\/wp-content\/uploads\/2021\/11\/Sys12.png\",\"contentUrl\":\"https:\/\/systemed-services.fr\/wp-content\/uploads\/2021\/11\/Sys12.png\",\"width\":1200,\"height\":786},{\"@type\":\"WebPage\",\"@id\":\"https:\/\/systemed-services.fr\/index.php\/tarifs\/#webpage\",\"url\":\"https:\/\/systemed-services.fr\/index.php\/tarifs\/\",\"name\":\"Tarifs - Systeme D\",\"isPartOf\":{\"@id\":\"https:\/\/systemed-services.fr\/#website\"},\"primaryImageOfPage\":{\"@id\":\"https:\/\/systemed-services.fr\/index.php\/tarifs\/#primaryimage\"},\"datePublished\":\"2021-11-20T01:49:29+00:00\",\"dateModified\":\"2024-11-05T13:53:59+00:00\",\"description\":\"Services \\u00e0 domicile - bricolage - d\\u00e9pannage - jardinage - courant faible - \\u00e9lectricit\\u00e9 - plomberie - informatique - Gilhac et bruzac - Valence\",\"breadcrumb\":{\"@id\":\"https:\/\/systemed-services.fr\/index.php\/tarifs\/#breadcrumb\"},\"inLanguage\":\"fr-FR\",\"potentialAction\":[{\"@type\":\"ReadAction\",\"target\":[\"https:\/\/systemed-services.fr\/index.php\/tarifs\/\"]}]},{\"@type\":\"BreadcrumbList\",\"@id\":\"https:\/\/systemed-services.fr\/index.php\/tarifs\/#breadcrumb\",\"itemListElement\":[{\"@type\":\"ListItem\",\"position\":1,\"name\":\"Accueil\",\"item\":\"https:\/\/systemed-services.fr\/\"},{\"@type\":\"ListItem\",\"position\":2,\"name\":\"Tarifs\"}]}]}<\/script>\n<!-- \/ Yoast SEO plugin. -->","yoast_head_json":{"description":"Services \u00e0 domicile - bricolage - d\u00e9pannage - jardinage - courant faible - \u00e9lectricit\u00e9 - plomberie - informatique - Gilhac et bruzac - Valence","robots":{"index":"index","follow":"follow","max-snippet":"max-snippet:-1","max-image-preview":"max-image-preview:large","max-video-preview":"max-video-preview:-1"},"canonical":"https:\/\/systemed-services.fr\/index.php\/tarifs\/","og_locale":"fr_FR","og_type":"article","og_title":"Tarifs - Systeme D","og_description":"Services \u00e0 domicile - bricolage - d\u00e9pannage - jardinage - courant faible - \u00e9lectricit\u00e9 - plomberie - informatique - Gilhac et bruzac - Valence","og_url":"https:\/\/systemed-services.fr\/index.php\/tarifs\/","og_site_name":"Systeme D","article_modified_time":"2024-11-05T13:53:59+00:00","og_image":[{"url":"https:\/\/systemed-services.fr\/wp-content\/uploads\/2021\/11\/Sys12.png"}],"twitter_card":"summary_large_image","twitter_misc":{"Dur\u00e9e de lecture estim\u00e9e":"1 minute"},"schema":{"@context":"https:\/\/schema.org","@graph":[{"@type":"WebSite","@id":"https:\/\/systemed-services.fr\/#website","url":"https:\/\/systemed-services.fr\/","name":"Systeme D","description":"Bricolage Dr\u00f4me Ard\u00e8che","potentialAction":[{"@type":"SearchAction","target":{"@type":"EntryPoint","urlTemplate":"https:\/\/systemed-services.fr\/?s={search_term_string}"},"query-input":"required name=search_term_string"}],"inLanguage":"fr-FR"},{"@type":"ImageObject","@id":"https:\/\/systemed-services.fr\/index.php\/tarifs\/#primaryimage","inLanguage":"fr-FR","url":"https:\/\/systemed-services.fr\/wp-content\/uploads\/2021\/11\/Sys12.png","contentUrl":"https:\/\/systemed-services.fr\/wp-content\/uploads\/2021\/11\/Sys12.png","width":1200,"height":786},{"@type":"WebPage","@id":"https:\/\/systemed-services.fr\/index.php\/tarifs\/#webpage","url":"https:\/\/systemed-services.fr\/index.php\/tarifs\/","name":"Tarifs - Systeme D","isPartOf":{"@id":"https:\/\/systemed-services.fr\/#website"},"primaryImageOfPage":{"@id":"https:\/\/systemed-services.fr\/index.php\/tarifs\/#primaryimage"},"datePublished":"2021-11-20T01:49:29+00:00","dateModified":"2024-11-05T13:53:59+00:00","description":"Services \u00e0 domicile - bricolage - d\u00e9pannage - jardinage - courant faible - \u00e9lectricit\u00e9 - plomberie - informatique - Gilhac et bruzac - Valence","breadcrumb":{"@id":"https:\/\/systemed-services.fr\/index.php\/tarifs\/#breadcrumb"},"inLanguage":"fr-FR","potentialAction":[{"@type":"ReadAction","target":["https:\/\/systemed-services.fr\/index.php\/tarifs\/"]}]},{"@type":"BreadcrumbList","@id":"https:\/\/systemed-services.fr\/index.php\/tarifs\/#breadcrumb","itemListElement":[{"@type":"ListItem","position":1,"name":"Accueil","item":"https:\/\/systemed-services.fr\/"},{"@type":"ListItem","position":2,"name":"Tarifs"}]}]}},"_links":{"self":[{"href":"https:\/\/systemed-services.fr\/index.php\/wp-json\/wp\/v2\/pages\/127"}],"collection":[{"href":"https:\/\/systemed-services.fr\/index.php\/wp-json\/wp\/v2\/pages"}],"about":[{"href":"https:\/\/systemed-services.fr\/index.php\/wp-json\/wp\/v2\/types\/page"}],"author":[{"embeddable":true,"href":"https:\/\/systemed-services.fr\/index.php\/wp-json\/wp\/v2\/users\/1"}],"replies":[{"embeddable":true,"href":"https:\/\/systemed-services.fr\/index.php\/wp-json\/wp\/v2\/comments?post=127"}],"version-history":[{"count":33,"href":"https:\/\/systemed-services.fr\/index.php\/wp-json\/wp\/v2\/pages\/127\/revisions"}],"predecessor-version":[{"id":455,"href":"https:\/\/systemed-services.fr\/index.php\/wp-json\/wp\/v2\/pages\/127\/revisions\/455"}],"wp:attachment":[{"href":"https:\/\/systemed-services.fr\/index.php\/wp-json\/wp\/v2\/media?parent=127"}],"curies":[{"name":"wp","href":"https:\/\/api.w.org\/{rel}","templated":true}]}}